{"id":14130,"date":"2019-12-31T16:03:11","date_gmt":"2019-12-31T15:03:11","guid":{"rendered":"https:\/\/visit.ruzomberok.sk\/surroundings\/lokality\/"},"modified":"2021-03-24T15:16:03","modified_gmt":"2021-03-24T14:16:03","slug":"lokality","status":"publish","type":"page","link":"http:\/\/old-visit.ruzomberok.sk\/en\/surroundings\/lokality\/","title":{"rendered":"Locations"},"content":{"rendered":"<div id=\"themify_builder_content-14130\" data-postid=\"14130\" class=\"themify_builder_content themify_builder_content-14130 themify_builder\">\n    \t<!-- module_row -->\n\t<div  class=\"themify_builder_row module_row clearfix module_row_0 themify_builder_14130_row module_row_14130-0 tb_90y9323\">\n\t    \t    <div class=\"row_inner col_align_top\" >\n\t\t\t<div  class=\"module_column tb-column col-full first tb_14130_column module_column_0 module_column_14130-0-0 tb_qfdo327\">\n\t    \t    \t        <div class=\"tb-column-inner\">\n\t\t    <!-- module plain text -->\n<div  class=\"module module-plain-text tb_yllk329  \">\n        <div class=\"tb_text_wrap\" >\n\t<div class=\"breadcrumb\"><ul itemscope itemtype=\"http:\/\/schema.org\/BreadcrumbList\"><li itemprop=\"itemListElement\" itemscope itemtype=\"http:\/\/schema.org\/ListItem\"><a itemprop=\"item\" href=\"http:\/\/old-visit.ruzomberok.sk\"><span itemprop=\"name\">Ru\u017eomberok<\/span><\/a> <meta itemprop=\"position\" content=\"1\" \/><\/li><\/ul><\/div>    <\/div>\n<\/div>\n<!-- \/module plain text -->\t        <\/div>\n\t    \t<\/div>\n\t\t    <\/div>\n\t    <!-- \/row_inner -->\n\t<\/div>\n\t<!-- \/module_row -->\n\t\t<!-- module_row -->\n\t<div  class=\"themify_builder_row module_row clearfix module_row_1 themify_builder_14130_row module_row_14130-1 tb_06r2323\">\n\t    \t    <div class=\"row_inner col_align_top\" >\n\t\t\t<div  class=\"module_column tb-column col-full first tb_14130_column module_column_0 module_column_14130-1-0 tb_z89u332\">\n\t    \t    \t        <div class=\"tb-column-inner\">\n\t\t    <!-- module text -->\n<div  class=\"module module-text tb_a1hd332  repeat  \">\n            <div  class=\"tb_text_wrap\">\n    <h3>The surroundings of Ru\u017eomberok, but also Ru\u017eomberok itself, offer their visitors plenty of locations to see, some of which are well-known and some of which are less known by the visitors. In this section of the website, you will find descriptions of the individual locations including their comprehensive selection of services and attractions. We believe that if you decide to spend your free time at one of these locations, these texts will inspire you and inform you about what you can find at your chosen location, or they will motivate you to visit the location.<\/h3>    <\/div>\n<\/div>\n<!-- \/module text -->\n\t        <\/div>\n\t    \t<\/div>\n\t\t    <\/div>\n\t    <!-- \/row_inner -->\n\t<\/div>\n\t<!-- \/module_row -->\n\t\t<!-- module_row -->\n\t<div   class=\"themify_builder_row module_row clearfix row-image-links repeat module_row_2 themify_builder_14130_row module_row_14130-2 tb_jlr1323\">\n\t    \t    <div class=\"row_inner col_align_top\" >\n\t\t\t<div  class=\"module_column tb-column col-full first tb_14130_column module_column_0 module_column_14130-2-0 tb_kuhx334\">\n\t    \t    \t        <div class=\"tb-column-inner\">\n\t\t    <!-- module plain text -->\n<div  class=\"module module-plain-text tb_c9n1334  \">\n        <div class=\"tb_text_wrap\" >\n\t<div class=\"module module-image image-full-overlay\">\n        <div class=\"image-wrap\">\n                 <a href=\"http:\/\/old-visit.ruzomberok.sk\/en\/surroundings\/lokality\/podsip\/\">\n                 <img decoding=\"async\" src=\"http:\/\/old-visit.ruzomberok.sk\/wp-content\/uploads\/2020\/08\/Pod\u0161\u00edp-ico.jpg\" title=\"Pod\u0161\u00edp\" alt=\"Pod\u0161\u00edp\">\n                 <\/a>\n                  <\/div>\n                  <div class=\"image-content\">\n                         <h3 class=\"image-title\">\n                         <a href=\"http:\/\/old-visit.ruzomberok.sk\/en\/surroundings\/lokality\/podsip\/\">Pod\u0161\u00edp<\/a>\n                         <\/h3>\n                <div class=\"image-caption\"><a href=\"http:\/\/old-visit.ruzomberok.sk\/en\/surroundings\/lokality\/podsip\/\">The town of Pod\u0161\u00edp is situated in the vicinity of the town of Stankovany, below \u0160\u00edp Peak, approximately 18 km <\/a><\/div>\n       <\/div>\n       <\/div>    <\/div>\n<\/div>\n<!-- \/module plain text -->\t        <\/div>\n\t    \t<\/div>\n\t\t    <\/div>\n\t    <!-- \/row_inner -->\n\t<\/div>\n\t<!-- \/module_row -->\n\t\t<!-- module_row -->\n\t<div  class=\"themify_builder_row module_row clearfix module_row_3 themify_builder_14130_row module_row_14130-3 tb_wbqd324\">\n\t    \t    <div class=\"row_inner col_align_top\" >\n\t\t\t<div  class=\"module_column tb-column col-full first tb_14130_column module_column_0 module_column_14130-3-0 tb_ui9w335\">\n\t    \t    \t        <div class=\"tb-column-inner\">\n\t\t    <!-- module plain text -->\n<div  class=\"module module-plain-text tb_arrs336  \">\n        <div class=\"tb_text_wrap\" >\n\t<div class=\"article map-block-out\">\n    <div class=\"map-block\">\n      <div id=\"map_canvas\"><\/div> \n    <\/div>\n  <\/div>\n  <script>var map;\n\t\tvar markers = [];\n\t\tvar markertyp = [];\n\t\tvar udajeMapLat = [];\n\t\tvar udajeMapLng = [];\n\t\tvar udajeMapDesc = [];\n\t\tvar markerids = [];\n\t\tvar latitudes = [];\n\t\tvar longitudes = [];\n\t\tvar obrazoks = [];\n\t\tvar titles = [];\n\t\tvar iconNames = [];\n\t\tvar perexs = [];\n\t\tvar adresas = [];\n\t\tvar poitimers = [];\n\t\tvar map;\n\t\tvar ctaLayer = [];\n\t\tvar infowindows = [];\n\t\tvar infowindow;\n\t\tvar openedInfowindow=false;\n\t\tvar obsah = \"\";\n\t\tvar trasaMarkers = [];\n\t\tvar markerOwer = false;\n\t\tvar kmlcoordinates = \"\";\n\t\tvar farba = \"\";\n\t\tvar trasyIds = [];\n\t\tvar pocitadloKml = 1;\n\t\tvar trasyCoordinates = [];\n\t\tvar trasyColors = [];\n\t\tvar trasyDescriptions = [];\n\t\tif (typeof layersLimit == \"undefined\"){\n\t\t\tvar layersLimit = 50;\n\t\t}function initMap() {\n\t\t\t\t\tvar stred = new google.maps.LatLng(49.081526, 19.297241);\n\t\t\t\t\tmap = new google.maps.Map(document.getElementById('map_canvas'), {\n\t\t\t\t\tzoom: 12,\n\t\t\t\t\tcenter: stred,\n\t\t\t\t\tmapTypeId: 'roadmap'\n\t\t\t\t\t});\n\t\t\t\t\tinfowindow = new google.maps.InfoWindow({\n\t\t\t\t\t\tpixelOffset: new google.maps.Size(300, 0),\n\t\t\t\t\t\t});\n\t}\n\t<\/script>\t\t\t\n    <script async defer src=\"https:\/\/maps.googleapis.com\/maps\/api\/js?key=AIzaSyCdd633kbOVCn5M6YKSA__amFMlpoL0svI&callback=initMap\">\n    <\/script>    <\/div>\n<\/div>\n<!-- \/module plain text -->\t        <\/div>\n\t    \t<\/div>\n\t\t    <\/div>\n\t    <!-- \/row_inner -->\n\t<\/div>\n\t<!-- \/module_row -->\n\t\t<!-- module_row -->\n\t<div   class=\"themify_builder_row module_row clearfix row-newsletter-social repeat module_row_4 themify_builder_14130_row module_row_14130-4 tb_n2kj324\">\n\t    \t    <div class=\"row_inner col_align_top\" >\n\t\t\t<div  class=\"module_column tb-column col4-3 first tb_14130_column module_column_0 module_column_14130-4-0 tb_n434336\">\n\t    \t    \t        <div class=\"tb-column-inner\">\n\t\t    <!-- module plain text -->\n<div  class=\"module module-plain-text tb_9yus337  \">\n        <div class=\"tb_text_wrap\" >\n\t<noscript class=\"ninja-forms-noscript-message\">\n\tNotice: JavaScript is required for this content.<\/noscript>\n<div id=\"nf-form-2-cont\" class=\"nf-form-cont\" aria-live=\"polite\" aria-labelledby=\"nf-form-title-2\" aria-describedby=\"nf-form-errors-2\" role=\"form\">\n\n    <div class=\"nf-loading-spinner\"><\/div>\n\n<\/div>\n        <!-- That data is being printed as a workaround to page builders reordering the order of the scripts loaded-->\n        <script>var formDisplay=1;var nfForms=nfForms||[];var form=[];form.id='2';form.settings={\"objectType\":\"Form Setting\",\"editActive\":true,\"title\":\"Odkaz  pre administr\\u00e1tora\",\"created_at\":\"2016-08-24 16:39:20\",\"form_title\":\"Contact Me\",\"default_label_pos\":\"hidden\",\"show_title\":\"1\",\"clear_complete\":\"1\",\"hide_complete\":0,\"logged_in\":\"0\",\"key\":\"\",\"conditions\":[],\"wrapper_class\":\"\",\"element_class\":\"\",\"add_submit\":\"1\",\"not_logged_in_msg\":\"\",\"sub_limit_number\":\"\",\"sub_limit_msg\":\"\",\"calculations\":[],\"formContentData\":[\"meno_a_priezvisko_1564990230475\",\"e-mail_1564990258552\",\"sprava_1564990274097\",\"odoslat_1564990310857\"],\"container_styles_background-color\":\"\",\"container_styles_border\":\"\",\"container_styles_border-style\":\"\",\"container_styles_border-color\":\"\",\"container_styles_color\":\"\",\"container_styles_height\":\"\",\"container_styles_width\":\"\",\"container_styles_font-size\":\"\",\"container_styles_margin\":\"\",\"container_styles_padding\":\"\",\"container_styles_display\":\"\",\"container_styles_float\":\"\",\"container_styles_show_advanced_css\":\"0\",\"container_styles_advanced\":\"\",\"title_styles_background-color\":\"\",\"title_styles_border\":\"\",\"title_styles_border-style\":\"\",\"title_styles_border-color\":\"\",\"title_styles_color\":\"\",\"title_styles_height\":\"\",\"title_styles_width\":\"\",\"title_styles_font-size\":\"\",\"title_styles_margin\":\"\",\"title_styles_padding\":\"\",\"title_styles_display\":\"\",\"title_styles_float\":\"\",\"title_styles_show_advanced_css\":\"0\",\"title_styles_advanced\":\"\",\"row_styles_background-color\":\"\",\"row_styles_border\":\"\",\"row_styles_border-style\":\"\",\"row_styles_border-color\":\"\",\"row_styles_color\":\"\",\"row_styles_height\":\"\",\"row_styles_width\":\"\",\"row_styles_font-size\":\"\",\"row_styles_margin\":\"\",\"row_styles_padding\":\"\",\"row_styles_display\":\"\",\"row_styles_show_advanced_css\":\"0\",\"row_styles_advanced\":\"\",\"row-odd_styles_background-color\":\"\",\"row-odd_styles_border\":\"\",\"row-odd_styles_border-style\":\"\",\"row-odd_styles_border-color\":\"\",\"row-odd_styles_color\":\"\",\"row-odd_styles_height\":\"\",\"row-odd_styles_width\":\"\",\"row-odd_styles_font-size\":\"\",\"row-odd_styles_margin\":\"\",\"row-odd_styles_padding\":\"\",\"row-odd_styles_display\":\"\",\"row-odd_styles_show_advanced_css\":\"0\",\"row-odd_styles_advanced\":\"\",\"success-msg_styles_background-color\":\"\",\"success-msg_styles_border\":\"\",\"success-msg_styles_border-style\":\"\",\"success-msg_styles_border-color\":\"\",\"success-msg_styles_color\":\"\",\"success-msg_styles_height\":\"\",\"success-msg_styles_width\":\"\",\"success-msg_styles_font-size\":\"\",\"success-msg_styles_margin\":\"\",\"success-msg_styles_padding\":\"\",\"success-msg_styles_display\":\"\",\"success-msg_styles_show_advanced_css\":\"0\",\"success-msg_styles_advanced\":\"\",\"error_msg_styles_background-color\":\"\",\"error_msg_styles_border\":\"\",\"error_msg_styles_border-style\":\"\",\"error_msg_styles_border-color\":\"\",\"error_msg_styles_color\":\"\",\"error_msg_styles_height\":\"\",\"error_msg_styles_width\":\"\",\"error_msg_styles_font-size\":\"\",\"error_msg_styles_margin\":\"\",\"error_msg_styles_padding\":\"\",\"error_msg_styles_display\":\"\",\"error_msg_styles_show_advanced_css\":\"0\",\"error_msg_styles_advanced\":\"\",\"allow_public_link\":0,\"embed_form\":\"\",\"changeEmailErrorMsg\":\"Pros\\u00edm vlo\\u017ete val\\u00eddnu e-mailov\\u00fa adresu\",\"changeDateErrorMsg\":\"Please enter a valid date!\",\"confirmFieldErrorMsg\":\"These fields must match!\",\"fieldNumberNumMinError\":\"Number Min Error\",\"fieldNumberNumMaxError\":\"Number Max Error\",\"fieldNumberIncrementBy\":\"Please increment by \",\"formErrorsCorrectErrors\":\"Pros\\u00edm opravte chyby vo formul\\u00e1ri\",\"validateRequiredField\":\"Toto pole je nutn\\u00e9 vyplni\\u0165\",\"honeypotHoneypotError\":\"Honeypot Error\",\"fieldsMarkedRequired\":\"Polia ozna\\u010den\\u00e9 *  je nutn\\u00e9 vyplni\\u0165\",\"currency\":\"EUR\",\"unique_field_error\":\"Formul\\u00e1r u\\u017e bol odoslan\\u00fd\",\"drawerDisabled\":false,\"ninjaForms\":\"Ninja Forms\",\"fieldTextareaRTEInsertLink\":\"Insert Link\",\"fieldTextareaRTEInsertMedia\":\"Insert Media\",\"fieldTextareaRTESelectAFile\":\"Select a file\",\"formHoneypot\":\"If you are a human seeing this field, please leave it empty.\",\"fileUploadOldCodeFileUploadInProgress\":\"File Upload in Progress.\",\"fileUploadOldCodeFileUpload\":\"FILE UPLOAD\",\"currencySymbol\":\"&#36;\",\"thousands_sep\":\",\",\"decimal_point\":\".\",\"siteLocale\":\"en_US\",\"dateFormat\":\"m\\\/d\\\/Y\",\"startOfWeek\":\"1\",\"of\":\"of\",\"previousMonth\":\"Previous Month\",\"nextMonth\":\"Next Month\",\"months\":[\"January\",\"February\",\"March\",\"April\",\"May\",\"June\",\"July\",\"August\",\"September\",\"October\",\"November\",\"December\"],\"monthsShort\":[\"Jan\",\"Feb\",\"Mar\",\"Apr\",\"May\",\"Jun\",\"Jul\",\"Aug\",\"Sep\",\"Oct\",\"Nov\",\"Dec\"],\"weekdays\":[\"Sunday\",\"Monday\",\"Tuesday\",\"Wednesday\",\"Thursday\",\"Friday\",\"Saturday\"],\"weekdaysShort\":[\"Sun\",\"Mon\",\"Tue\",\"Wed\",\"Thu\",\"Fri\",\"Sat\"],\"weekdaysMin\":[\"Su\",\"Mo\",\"Tu\",\"We\",\"Th\",\"Fr\",\"Sa\"],\"recaptchaConsentMissing\":\"reCaptcha validation couldn&#039;t load.\",\"recaptchaMissingCookie\":\"reCaptcha v3 validation couldn&#039;t load the cookie needed to submit the form.\",\"recaptchaConsentEvent\":\"Accept reCaptcha cookies before sending the form.\",\"currency_symbol\":\"&euro;\",\"beforeForm\":\"\",\"beforeFields\":\"\",\"afterFields\":\"\",\"afterForm\":\"\"};form.fields=[{\"objectType\":\"Field\",\"objectDomain\":\"fields\",\"editActive\":false,\"order\":1,\"label\":\"\",\"key\":\"meno_a_priezvisko_1564990230475\",\"type\":\"textbox\",\"created_at\":\"2016-08-24 16:39:20\",\"label_pos\":\"above\",\"required\":1,\"placeholder\":\"Meno a priezvisko *\",\"default\":\"\",\"wrapper_class\":\"\",\"element_class\":\"\",\"container_class\":\"\",\"input_limit\":\"\",\"input_limit_type\":\"characters\",\"input_limit_msg\":\"Character(s) left\",\"manual_key\":\"\",\"disable_input\":\"\",\"admin_label\":\"\",\"help_text\":\"\",\"desc_text\":\"\",\"disable_browser_autocomplete\":\"\",\"mask\":\"\",\"custom_mask\":\"\",\"wrap_styles_background-color\":\"\",\"wrap_styles_border\":\"\",\"wrap_styles_border-style\":\"\",\"wrap_styles_border-color\":\"\",\"wrap_styles_color\":\"\",\"wrap_styles_height\":\"\",\"wrap_styles_width\":\"\",\"wrap_styles_font-size\":\"\",\"wrap_styles_margin\":\"\",\"wrap_styles_padding\":\"\",\"wrap_styles_display\":\"\",\"wrap_styles_float\":\"\",\"wrap_styles_show_advanced_css\":0,\"wrap_styles_advanced\":\"\",\"label_styles_background-color\":\"\",\"label_styles_border\":\"\",\"label_styles_border-style\":\"\",\"label_styles_border-color\":\"\",\"label_styles_color\":\"\",\"label_styles_height\":\"\",\"label_styles_width\":\"\",\"label_styles_font-size\":\"\",\"label_styles_margin\":\"\",\"label_styles_padding\":\"\",\"label_styles_display\":\"\",\"label_styles_float\":\"\",\"label_styles_show_advanced_css\":0,\"label_styles_advanced\":\"\",\"element_styles_background-color\":\"\",\"element_styles_border\":\"\",\"element_styles_border-style\":\"\",\"element_styles_border-color\":\"\",\"element_styles_color\":\"\",\"element_styles_height\":\"\",\"element_styles_width\":\"\",\"element_styles_font-size\":\"\",\"element_styles_margin\":\"\",\"element_styles_padding\":\"\",\"element_styles_display\":\"\",\"element_styles_float\":\"\",\"element_styles_show_advanced_css\":0,\"element_styles_advanced\":\"\",\"cellcid\":\"c3277\",\"field_label\":\"Name\",\"field_key\":\"name\",\"custom_name_attribute\":\"\",\"personally_identifiable\":\"\",\"value\":\"\",\"drawerDisabled\":false,\"id\":5,\"beforeField\":\"\",\"afterField\":\"\",\"parentType\":\"textbox\",\"element_templates\":[\"textbox\",\"input\"],\"old_classname\":\"\",\"wrap_template\":\"wrap\"},{\"objectType\":\"Field\",\"objectDomain\":\"fields\",\"editActive\":false,\"order\":2,\"label\":\"\",\"key\":\"e-mail_1564990258552\",\"type\":\"email\",\"created_at\":\"2016-08-24 16:39:20\",\"label_pos\":\"above\",\"required\":1,\"placeholder\":\"E-mail *\",\"default\":\"\",\"wrapper_class\":\"\",\"element_class\":\"\",\"container_class\":\"\",\"admin_label\":\"\",\"help_text\":\"\",\"desc_text\":\"\",\"wrap_styles_background-color\":\"\",\"wrap_styles_border\":\"\",\"wrap_styles_border-style\":\"\",\"wrap_styles_border-color\":\"\",\"wrap_styles_color\":\"\",\"wrap_styles_height\":\"\",\"wrap_styles_width\":\"\",\"wrap_styles_font-size\":\"\",\"wrap_styles_margin\":\"\",\"wrap_styles_padding\":\"\",\"wrap_styles_display\":\"\",\"wrap_styles_float\":\"\",\"wrap_styles_show_advanced_css\":0,\"wrap_styles_advanced\":\"\",\"label_styles_background-color\":\"\",\"label_styles_border\":\"\",\"label_styles_border-style\":\"\",\"label_styles_border-color\":\"\",\"label_styles_color\":\"\",\"label_styles_height\":\"\",\"label_styles_width\":\"\",\"label_styles_font-size\":\"\",\"label_styles_margin\":\"\",\"label_styles_padding\":\"\",\"label_styles_display\":\"\",\"label_styles_float\":\"\",\"label_styles_show_advanced_css\":0,\"label_styles_advanced\":\"\",\"element_styles_background-color\":\"\",\"element_styles_border\":\"\",\"element_styles_border-style\":\"\",\"element_styles_border-color\":\"\",\"element_styles_color\":\"\",\"element_styles_height\":\"\",\"element_styles_width\":\"\",\"element_styles_font-size\":\"\",\"element_styles_margin\":\"\",\"element_styles_padding\":\"\",\"element_styles_display\":\"\",\"element_styles_float\":\"\",\"element_styles_show_advanced_css\":0,\"element_styles_advanced\":\"\",\"cellcid\":\"c3281\",\"field_label\":\"Email\",\"field_key\":\"email\",\"custom_name_attribute\":\"email\",\"personally_identifiable\":1,\"value\":\"\",\"drawerDisabled\":false,\"id\":6,\"beforeField\":\"\",\"afterField\":\"\",\"parentType\":\"email\",\"element_templates\":[\"email\",\"input\"],\"old_classname\":\"\",\"wrap_template\":\"wrap\"},{\"objectType\":\"Field\",\"objectDomain\":\"fields\",\"editActive\":false,\"order\":3,\"label\":\"\",\"key\":\"sprava_1564990274097\",\"type\":\"textarea\",\"created_at\":\"2016-08-24 16:39:20\",\"label_pos\":\"above\",\"required\":1,\"placeholder\":\"Va\\u0161a spr\\u00e1va *\",\"default\":\"\",\"wrapper_class\":\"\",\"element_class\":\"\",\"container_class\":\"\",\"input_limit\":\"\",\"input_limit_type\":\"characters\",\"input_limit_msg\":\"Character(s) left\",\"manual_key\":\"\",\"disable_input\":\"\",\"admin_label\":\"\",\"help_text\":\"\",\"desc_text\":\"\",\"disable_browser_autocomplete\":\"\",\"textarea_rte\":\"\",\"disable_rte_mobile\":\"\",\"textarea_media\":\"\",\"wrap_styles_background-color\":\"\",\"wrap_styles_border\":\"\",\"wrap_styles_border-style\":\"\",\"wrap_styles_border-color\":\"\",\"wrap_styles_color\":\"\",\"wrap_styles_height\":\"\",\"wrap_styles_width\":\"\",\"wrap_styles_font-size\":\"\",\"wrap_styles_margin\":\"\",\"wrap_styles_padding\":\"\",\"wrap_styles_display\":\"\",\"wrap_styles_float\":\"\",\"wrap_styles_show_advanced_css\":0,\"wrap_styles_advanced\":\"\",\"label_styles_background-color\":\"\",\"label_styles_border\":\"\",\"label_styles_border-style\":\"\",\"label_styles_border-color\":\"\",\"label_styles_color\":\"\",\"label_styles_height\":\"\",\"label_styles_width\":\"\",\"label_styles_font-size\":\"\",\"label_styles_margin\":\"\",\"label_styles_padding\":\"\",\"label_styles_display\":\"\",\"label_styles_float\":\"\",\"label_styles_show_advanced_css\":0,\"label_styles_advanced\":\"\",\"element_styles_background-color\":\"\",\"element_styles_border\":\"\",\"element_styles_border-style\":\"\",\"element_styles_border-color\":\"\",\"element_styles_color\":\"\",\"element_styles_height\":\"\",\"element_styles_width\":\"\",\"element_styles_font-size\":\"\",\"element_styles_margin\":\"\",\"element_styles_padding\":\"\",\"element_styles_display\":\"\",\"element_styles_float\":\"\",\"element_styles_show_advanced_css\":0,\"element_styles_advanced\":\"\",\"cellcid\":\"c3284\",\"field_label\":\"Message\",\"field_key\":\"message\",\"value\":\"\",\"drawerDisabled\":false,\"id\":7,\"beforeField\":\"\",\"afterField\":\"\",\"parentType\":\"textarea\",\"element_templates\":[\"textarea\",\"input\"],\"old_classname\":\"\",\"wrap_template\":\"wrap\"},{\"objectType\":\"Field\",\"objectDomain\":\"fields\",\"editActive\":false,\"order\":5,\"label\":\"Odosla\\u0165\",\"key\":\"odoslat_1564990310857\",\"type\":\"submit\",\"created_at\":\"2016-08-24 16:39:20\",\"processing_label\":\"Odosiela sa\",\"container_class\":\"\",\"element_class\":\"\",\"wrap_styles_background-color\":\"\",\"wrap_styles_border\":\"\",\"wrap_styles_border-style\":\"\",\"wrap_styles_border-color\":\"\",\"wrap_styles_color\":\"\",\"wrap_styles_height\":\"\",\"wrap_styles_width\":\"\",\"wrap_styles_font-size\":\"\",\"wrap_styles_margin\":\"\",\"wrap_styles_padding\":\"\",\"wrap_styles_display\":\"\",\"wrap_styles_float\":\"\",\"wrap_styles_show_advanced_css\":0,\"wrap_styles_advanced\":\"\",\"label_styles_background-color\":\"\",\"label_styles_border\":\"\",\"label_styles_border-style\":\"\",\"label_styles_border-color\":\"\",\"label_styles_color\":\"\",\"label_styles_height\":\"\",\"label_styles_width\":\"\",\"label_styles_font-size\":\"\",\"label_styles_margin\":\"\",\"label_styles_padding\":\"\",\"label_styles_display\":\"\",\"label_styles_float\":\"\",\"label_styles_show_advanced_css\":0,\"label_styles_advanced\":\"\",\"element_styles_background-color\":\"\",\"element_styles_border\":\"\",\"element_styles_border-style\":\"\",\"element_styles_border-color\":\"\",\"element_styles_color\":\"\",\"element_styles_height\":\"\",\"element_styles_width\":\"\",\"element_styles_font-size\":\"\",\"element_styles_margin\":\"\",\"element_styles_padding\":\"\",\"element_styles_display\":\"\",\"element_styles_float\":\"\",\"element_styles_show_advanced_css\":0,\"element_styles_advanced\":\"\",\"submit_element_hover_styles_background-color\":\"\",\"submit_element_hover_styles_border\":\"\",\"submit_element_hover_styles_border-style\":\"\",\"submit_element_hover_styles_border-color\":\"\",\"submit_element_hover_styles_color\":\"\",\"submit_element_hover_styles_height\":\"\",\"submit_element_hover_styles_width\":\"\",\"submit_element_hover_styles_font-size\":\"\",\"submit_element_hover_styles_margin\":\"\",\"submit_element_hover_styles_padding\":\"\",\"submit_element_hover_styles_display\":\"\",\"submit_element_hover_styles_float\":\"\",\"submit_element_hover_styles_show_advanced_css\":0,\"submit_element_hover_styles_advanced\":\"\",\"cellcid\":\"c3287\",\"field_label\":\"Submit\",\"field_key\":\"submit\",\"drawerDisabled\":false,\"id\":8,\"beforeField\":\"\",\"afterField\":\"\",\"value\":\"\",\"label_pos\":\"hidden\",\"parentType\":\"textbox\",\"element_templates\":[\"submit\",\"button\",\"input\"],\"old_classname\":\"\",\"wrap_template\":\"wrap-no-label\"}];nfForms.push(form);<\/script>\n             <\/div>\n<\/div>\n<!-- \/module plain text -->\t        <\/div>\n\t    \t<\/div>\n\t\t<div  class=\"module_column tb-column col4-1 last tb_14130_column module_column_1 module_column_14130-4-1 tb_i83f337\">\n\t    \t    \t        <div class=\"tb-column-inner\">\n\t\t    <!-- module widget -->\n<div  class=\"module module-widget tb_yuwg338  repeat \">\n\t<div class=\"widget themify-social-links\"><ul class=\"social-links horizontal\">\n\t\t\t\t\t\t\t<li class=\"social-link-item facebook font-icon icon-medium\">\n\t\t\t\t\t\t\t\t<a href=\"https:\/\/www.facebook.com\/mesto.ruzomberok?fref=ts\" aria-label=\"facebook\" ><i class=\"fa fa-facebook\" ><\/i>  <\/a>\n\t\t\t\t\t\t\t<\/li>\n\t\t\t\t\t\t\t<!-- \/themify-link-item --><\/ul><\/div><\/div><!-- \/module widget -->\t        <\/div>\n\t    \t<\/div>\n\t\t    <\/div>\n\t    <!-- \/row_inner -->\n\t<\/div>\n\t<!-- \/module_row -->\n\t\t<!-- module_row -->\n\t<div   class=\"themify_builder_row module_row clearfix custom-left-block repeat module_row_5 themify_builder_14130_row module_row_14130-5 tb_kj81324\">\n\t    \t    <div class=\"row_inner col_align_top\" >\n\t\t\t<div  class=\"module_column tb-column col-full first tb_14130_column module_column_0 module_column_14130-5-0 tb_ih57338\">\n\t    \t    \t        <div class=\"tb-column-inner\">\n\t\t    <!-- module plain text -->\n<div  class=\"module module-plain-text tb_6wp9339  \">\n        <div class=\"tb_text_wrap\" >\n\t<div class=\"menu-name-lave-out\"><ul id=\"menu_lave_13501\" class=\"menu main-nav menu-name-lave\"><li id=\"menu-item-16339\" class=\"menu-item menu-item-type-post_type menu-item-object-page\"><a href=\"http:\/\/old-visit.ruzomberok.sk\/en\/surroundings\/atrakcie-mimo-region\/\">Attractions (outside of the region)<\/a><\/li><li id=\"menu-item-16340\" class=\"menu-item menu-item-type-post_type menu-item-object-page\"><a href=\"http:\/\/old-visit.ruzomberok.sk\/en\/surroundings\/obce\/\">Towns<\/a><\/li><li id=\"menu-item-16341\" class=\"menu-item menu-item-type-post_type menu-item-object-page has-sub-menu\"><a href=\"http:\/\/old-visit.ruzomberok.sk\/en\/surroundings\/lokality\/\">Locations<\/a><span class=\"child-arrow\"><\/span><ul class=\"sub-menu\"><li id=\"menu-item-16342\" class=\"menu-item menu-item-type-post_type menu-item-object-page\"><a href=\"http:\/\/old-visit.ruzomberok.sk\/en\/surroundings\/lokality\/podsip\/\">Pod\u0161\u00edp<\/a><\/li><\/ul><\/li><\/ul><\/div><\/div>    <\/div>\n<\/div>\n<!-- \/module plain text -->\t        <\/div>\n\t    \t<\/div>\n\t\t    <\/div>\n\t    <!-- \/row_inner -->\n\t<\/div>\n\t<!-- \/module_row -->\n\t<\/div>\n\n","protected":false},"excerpt":{"rendered":"<p>The surroundings of Ru\u017eomberok, but also Ru\u017eomberok itself, offer their visitors plenty of locations to see, some of which are [&hellip;]<\/p>\n","protected":false},"author":4,"featured_media":2526,"parent":13501,"menu_order":0,"comment_status":"closed","ping_status":"closed","template":"","meta":{"footnotes":""},"trasa":[],"class_list":["post-14130","page","type-page","status-publish","has-post-thumbnail","hentry","has-post-title","has-post-date","has-post-category","has-post-tag","has-post-comment","has-post-author",""],"_links":{"self":[{"href":"http:\/\/old-visit.ruzomberok.sk\/en\/wp-json\/wp\/v2\/pages\/14130"}],"collection":[{"href":"http:\/\/old-visit.ruzomberok.sk\/en\/wp-json\/wp\/v2\/pages"}],"about":[{"href":"http:\/\/old-visit.ruzomberok.sk\/en\/wp-json\/wp\/v2\/types\/page"}],"author":[{"embeddable":true,"href":"http:\/\/old-visit.ruzomberok.sk\/en\/wp-json\/wp\/v2\/users\/4"}],"replies":[{"embeddable":true,"href":"http:\/\/old-visit.ruzomberok.sk\/en\/wp-json\/wp\/v2\/comments?post=14130"}],"version-history":[{"count":3,"href":"http:\/\/old-visit.ruzomberok.sk\/en\/wp-json\/wp\/v2\/pages\/14130\/revisions"}],"predecessor-version":[{"id":14133,"href":"http:\/\/old-visit.ruzomberok.sk\/en\/wp-json\/wp\/v2\/pages\/14130\/revisions\/14133"}],"up":[{"embeddable":true,"href":"http:\/\/old-visit.ruzomberok.sk\/en\/wp-json\/wp\/v2\/pages\/13501"}],"wp:featuredmedia":[{"embeddable":true,"href":"http:\/\/old-visit.ruzomberok.sk\/en\/wp-json\/wp\/v2\/media\/2526"}],"wp:attachment":[{"href":"http:\/\/old-visit.ruzomberok.sk\/en\/wp-json\/wp\/v2\/media?parent=14130"}],"wp:term":[{"taxonomy":"trasa","embeddable":true,"href":"http:\/\/old-visit.ruzomberok.sk\/en\/wp-json\/wp\/v2\/trasa?post=14130"}],"curies":[{"name":"wp","href":"https:\/\/api.w.org\/{rel}","templated":true}]}}